{"id":22,"date":"2023-02-24T17:47:08","date_gmt":"2023-02-24T16:47:08","guid":{"rendered":"http:\/\/na-ci.net\/na14063-ovh\/?page_id=22"},"modified":"2023-02-24T18:08:51","modified_gmt":"2023-02-24T17:08:51","slug":"accueil","status":"publish","type":"page","link":"https:\/\/na-ci.net\/na14063-ovh\/","title":{"rendered":"Accueil"},"content":{"rendered":"\n<h3 class=\"wp-block-heading\"><strong>B<\/strong>ienvenue sur ce site, r\u00e9serv\u00e9 \u00e0 la pr\u00e9sentation de mes photos d&rsquo;amateur<\/h3>\n\n\n\n<div class=\"wp-block-cover is-light\" style=\"min-height:455px;aspect-ratio:unset;\"><span aria-hidden=\"true\" class=\"wp-block-cover__background has-background-dim-0 has-background-dim\"><\/span><img loading=\"lazy\" decoding=\"async\" width=\"1024\" height=\"683\" class=\"wp-block-cover__image-background wp-image-29\" alt=\"\" src=\"https:\/\/na-ci.net\/na14063-ovh\/wp-content\/uploads\/2023\/02\/IMG_0708-1024x683.jpg\" data-object-fit=\"cover\" srcset=\"https:\/\/na-ci.net\/na14063-ovh\/wp-content\/uploads\/2023\/02\/IMG_0708-1024x683.jpg 1024w, https:\/\/na-ci.net\/na14063-ovh\/wp-content\/uploads\/2023\/02\/IMG_0708-300x200.jpg 300w, https:\/\/na-ci.net\/na14063-ovh\/wp-content\/uploads\/2023\/02\/IMG_0708-768x512.jpg 768w, https:\/\/na-ci.net\/na14063-ovh\/wp-content\/uploads\/2023\/02\/IMG_0708-1536x1024.jpg 1536w, https:\/\/na-ci.net\/na14063-ovh\/wp-content\/uploads\/2023\/02\/IMG_0708-2048x1365.jpg 2048w\" sizes=\"auto, (max-width: 1024px) 100vw, 1024px\" \/><div class=\"wp-block-cover__inner-container is-layout-flow wp-block-cover-is-layout-flow\">\n<p class=\"has-text-align-center has-large-font-size\"><\/p>\n<\/div><\/div>\n","protected":false},"excerpt":{"rendered":"<p>Bienvenue sur ce site, r\u00e9serv\u00e9 \u00e0 la pr\u00e9sentation de mes photos d&rsquo;amateur<\/p>\n","protected":false},"author":1,"featured_media":0,"parent":0,"menu_order":0,"comment_status":"closed","ping_status":"closed","template":"","meta":{"_kadence_starter_templates_imported_post":false,"_kad_post_transparent":"","_kad_post_title":"","_kad_post_layout":"","_kad_post_sidebar_id":"","_kad_post_content_style":"","_kad_post_vertical_padding":"","_kad_post_feature":"","_kad_post_feature_position":"","_kad_post_header":false,"_kad_post_footer":false,"footnotes":""},"class_list":["post-22","page","type-page","status-publish","hentry"],"_links":{"self":[{"href":"https:\/\/na-ci.net\/na14063-ovh\/index.php\/wp-json\/wp\/v2\/pages\/22","targetHints":{"allow":["GET"]}}],"collection":[{"href":"https:\/\/na-ci.net\/na14063-ovh\/index.php\/wp-json\/wp\/v2\/pages"}],"about":[{"href":"https:\/\/na-ci.net\/na14063-ovh\/index.php\/wp-json\/wp\/v2\/types\/page"}],"author":[{"embeddable":true,"href":"https:\/\/na-ci.net\/na14063-ovh\/index.php\/wp-json\/wp\/v2\/users\/1"}],"replies":[{"embeddable":true,"href":"https:\/\/na-ci.net\/na14063-ovh\/index.php\/wp-json\/wp\/v2\/comments?post=22"}],"version-history":[{"count":4,"href":"https:\/\/na-ci.net\/na14063-ovh\/index.php\/wp-json\/wp\/v2\/pages\/22\/revisions"}],"predecessor-version":[{"id":34,"href":"https:\/\/na-ci.net\/na14063-ovh\/index.php\/wp-json\/wp\/v2\/pages\/22\/revisions\/34"}],"wp:attachment":[{"href":"https:\/\/na-ci.net\/na14063-ovh\/index.php\/wp-json\/wp\/v2\/media?parent=22"}],"curies":[{"name":"wp","href":"https:\/\/api.w.org\/{rel}","templated":true}]}}